{"id":1692,"date":"2018-05-22T18:15:28","date_gmt":"2018-05-22T18:15:28","guid":{"rendered":"https:\/\/www.puertasolamendi.com\/?page_id=1692"},"modified":"2022-10-17T10:48:21","modified_gmt":"2022-10-17T10:48:21","slug":"politica-de-privacidad","status":"publish","type":"page","link":"https:\/\/www.puertasolamendi.com\/eu\/politica-de-privacidad\/","title":{"rendered":"Pribatutasun Politika"},"content":{"rendered":"<p>A efectos de lo previsto en el nuevo reglamento europeo de protecci\u00f3n de datos (UE) 2016\/679 de 27 de abril de 2016, relativo a la protecci\u00f3n de las personas f\u00edsicas en lo que respecta al tratamiento de sus datos personales y a la libre circulaci\u00f3n de estos, se informa al usuario de manera clara y transparente los datos del responsable de esta web: PUERTASOLAMENDI.COM es un proyecto de Puertas Olamendi S.L, con CIF B75114835 y domicilio social en Errotazar Auzolan Kalea 2B, 20303 Irun, inscrita en el Registro Mercantil, en el tomo 2659, folio 155 hoja SS36637.<\/p>\n<p>En esta web se asume un compromiso permanente con la privacidad de los datos de sus suscriptores, contactos y clientes, y se garantiza las mejores pr\u00e1cticas en el uso de datos de car\u00e1cter personal.<\/p>\n<p>PUERTASOLAMENDI.COM se opone al env\u00edo de correos electr\u00f3nicos no solicitados (spam), poniendo todos los esfuerzos para impedir el uso indebido del correo electr\u00f3nico. Tambi\u00e9n se informa a los usuarios de este sitio que nunca y bajo ninguna circunstancia se compartir\u00e1n datos de usuarios obtenidos mediante este portal ni ser\u00e1n cedidos a terceros, a menos que estos hayan sido informados previamente y se cuente con su expresa autorizaci\u00f3n.<\/p>\n<p>La plataforma podr\u00eda contener v\u00ednculos a sitios web de terceros. Si as\u00ed fuera, en ning\u00fan caso nos haremos responsables de las pr\u00e1cticas de protecci\u00f3n de datos ni del contenido de dichos sitios web. Por consiguiente, conviene que lea atentamente las pol\u00edticas de privacidad de cada sitio web antes de aceptar las condiciones y de proceder a su uso.<\/p>\n<h3>Env\u00edo y Registro de Datos de Car\u00e1cter Personal<\/h3>\n<p>El env\u00edo de datos de car\u00e1cter personal es obligatorio para contactar y realizar solicitudes comerciales con PUERTASOLAMENDI.COM. Asimismo, el no facilitar los datos personales solicitados o el no aceptar la presente pol\u00edtica de protecci\u00f3n de datos supone la imposibilidad de procesar las solicitudes realizadas en este portal.<\/p>\n<p>Los supuestos en los que esta web requiere datos personales son:<\/p>\n<ul>\n<li>Para realizar consultas a trav\u00e9s del formulario de contacto.<\/li>\n<li>Para solicitar cualquiera de los servicios y\/o productos que ofrecemos.<\/li>\n<\/ul>\n<p>La informaci\u00f3n personal suministrada se utilizar\u00e1 de la siguiente manera:<\/p>\n<ol>\n<li>Para promocionar los servicios de PUERTASOLAMENDI.COM: Por ejemplo, si el usuario deja su informaci\u00f3n personal en alguno de los formularios de contacto, PUERTASOLAMENDI.COM puede utilizar esos datos para enviarle informaci\u00f3n sobre sus servicios en el caso de que esta sea solicitada.<\/li>\n<li>Para garantizar el cumplimiento de las condiciones de uso y la ley aplicable. Esto puede incluir desarrollo de herramientas y algoritmos que ayudan a esta web a garantizar la confidencialidad de los datos personales que recoge.<\/li>\n<li>Para la atenci\u00f3n al cliente y prestar servicios de seguimiento.<\/li>\n<li>Para establecer comunicaci\u00f3n con suscriptores, usuarios y clientes.<\/li>\n<li>En cada uno de los casos, como usuario tendr\u00e1s plenos derechos sobre tus datos personales y sobre el uso de los mismos y podr\u00e1s ejercitarlos en cualquier momento.<\/li>\n<li>En ning\u00fan caso cederemos tus datos a terceros sin informarte previamente y requerirte tu consentimiento.<\/li>\n<\/ol>\n<h3>Servicios ofrecidos por terceros en esta web<\/h3>\n<p>Para proporcionar servicios estrictamente necesarios para el desarrollo de nuestra actividad, compartimos datos con los siguientes prestadores bajo sus correspondientes condiciones de privacidad:<\/p>\n<p>\u2013 Hosting: ACENS TECHNOLOGIES, S.L.U. (Hostalia), C\/ San Rafael 14, 28108, Alcobendas (Madrid). Hostalia trata los datos de usuarios y prescriptores web con la finalidad de realizar sus servicios de hosting y correo electr\u00f3nico a info@puertasolamendi.com. M\u00e1s informaci\u00f3n en <a href=\"https:\/\/www.hostalia.com\/politica-privacidad\/\" target=\"_blank\" rel=\"nofollow noopener noreferrer\">hostalia.com<\/a><\/p>\n<h3>Sistemas de captura de datos personales<\/h3>\n<p>Esta web utiliza diferentes sistemas de captura de informaci\u00f3n personal, requiriendo siempre el consentimiento previo de los usuarios para tratar sus datos personales con los fines indicados.<\/p>\n<p>Como Usuario tienes derecho a revocar tu consentimiento previo en cualquier momento.<\/p>\n<p><strong>Sistemas de captura de informaci\u00f3n personal utilizados:<\/strong><\/p>\n<p>\u2013 Formulario de contacto para sugerencias, consutas o contacto profesional<\/p>\n<p>\u2013 Formulario de suscripci\u00f3n al boletin de noticias<\/p>\n<p>\u2013 Formulario de registro para clientes que desean utilizar los servicios proporcionados por PUERTASOLAMENDI.COM<\/p>\n<p>\u2013 Cookies: El usuario puede consultar en cualquier momento la <a href=\"https:\/\/www.puertasolamendi.com\/politica-de-cookies\/\">pol\u00edtica de cookies<\/a> para ampliar informaci\u00f3n sobre el uso de cookies y c\u00f3mo desactivarlas.<\/p>\n<p>El usuario garantiza que los datos personales facilitados a trav\u00e9s de los diferentes formularios son veraces, quedando obligado a comunicar cualquier modificaci\u00f3n de los mismos. Igualmente, el usuario garantiza que toda la informaci\u00f3n facilitada corresponde con su situaci\u00f3n real, que est\u00e1 puesta al d\u00eda y es exacta. Adem\u00e1s, el usuario se obliga a mantener en todo momento sus datos actualizados, siendo el \u00fanico responsable de la inexactitud o falsedad de los datos facilitados y de los perjuicios que pueda causar por ello a Puertas Olamendi S.L como titular de la web PUERTASOLAMENDI.COM, o a terceros con motivo de la utilizaci\u00f3n de dichos datos.<\/p>\n<h3>Ejercicio de los derechos de acceso, rectificaci\u00f3n, cancelaci\u00f3n u oposici\u00f3n (ARCO)<\/h3>\n<p>El usuario podr\u00e1 dirigir sus comunicaciones y ejercitar sus derechos ARCO siguiendo las formalidades impuestas por la Ley Org\u00e1nica 15\/1999, de 13 de diciembre, de Protecci\u00f3n de Datos de Car\u00e1cter Personal y su Reglamento de Desarrollo.<\/p>\n<p>Podr\u00e1 ejercitar sus derechos de acceso, rectificaci\u00f3n, cancelaci\u00f3n y oposici\u00f3n mediante solicitud escrita y firmada en la que se contengan los siguientes datos: nombre y apellidos, domicilio a efectos de notificaciones, junto con prueba v\u00e1lida en derecho, como fotocopia del DNI\/C\u00e9dula, pasaporte o equivalente, y la petici\u00f3n en que se concrete la solicitud. El escrito deber\u00e1 remitirse a Puertas Olamendi S.L, Auzolan Kalea 2B, 20303 Irun.<\/p>\n<h3>Aceptaci\u00f3n y consentimiento<\/h3>\n<p>El usuario declara haber sido informado de las condiciones sobre Protecci\u00f3n de Datos de Car\u00e1cter Personal, aceptando y consintiendo el tratamiento de los mismos por parte de PUERTASOLAMENDI.COM y para las finalidades indicadas en la presente Pol\u00edtica de Privacidad.<\/p>\n<h3>Cambios en la presente pol\u00edtica de privacidad<\/h3>\n<p>PUERTAS OLAMENDI S.L. se reserva el derecho a modificar la presente pol\u00edtica para adaptarla a novedades legislativas o jurisprudenciales as\u00ed como a pr\u00e1cticas de la industria. En dichos supuestos, el prestador anunciar\u00e1 en esta p\u00e1gina los cambios introducidos con razonable antelaci\u00f3n a su puesta en pr\u00e1ctica.<\/p>\n<h3>Correos comerciales<\/h3>\n<p>De acuerdo con la LSSICE, PUERTASOLAMENDI.COM no realiza pr\u00e1cticas de SPAM, por lo que no enviar\u00e1 correos comerciales por v\u00eda electr\u00f3nica que no hayan sido previamente solicitados o autorizados por parte del usuario.<\/p>","protected":false},"excerpt":{"rendered":"<p>A efectos de lo previsto en el nuevo reglamento europeo de protecci\u00f3n de datos (UE) 2016\/679 de 27 [&hellip;]<\/p>\n","protected":false},"author":6,"featured_media":0,"parent":0,"menu_order":0,"comment_status":"closed","ping_status":"closed","template":"","meta":[],"acf":[],"_links":{"self":[{"href":"https:\/\/www.puertasolamendi.com\/eu\/wp-json\/wp\/v2\/pages\/1692"}],"collection":[{"href":"https:\/\/www.puertasolamendi.com\/eu\/wp-json\/wp\/v2\/pages"}],"about":[{"href":"https:\/\/www.puertasolamendi.com\/eu\/wp-json\/wp\/v2\/types\/page"}],"author":[{"embeddable":true,"href":"https:\/\/www.puertasolamendi.com\/eu\/wp-json\/wp\/v2\/users\/6"}],"replies":[{"embeddable":true,"href":"https:\/\/www.puertasolamendi.com\/eu\/wp-json\/wp\/v2\/comments?post=1692"}],"version-history":[{"count":1,"href":"https:\/\/www.puertasolamendi.com\/eu\/wp-json\/wp\/v2\/pages\/1692\/revisions"}],"predecessor-version":[{"id":3820,"href":"https:\/\/www.puertasolamendi.com\/eu\/wp-json\/wp\/v2\/pages\/1692\/revisions\/3820"}],"wp:attachment":[{"href":"https:\/\/www.puertasolamendi.com\/eu\/wp-json\/wp\/v2\/media?parent=1692"}],"curies":[{"name":"wp","href":"https:\/\/api.w.org\/{rel}","templated":true}]}}