{"id":2260,"date":"2019-08-25T11:45:46","date_gmt":"2019-08-25T11:45:46","guid":{"rendered":"http:\/\/localhost\/puertasolamendi\/?page_id=2260"},"modified":"2022-02-16T12:02:09","modified_gmt":"2022-02-16T12:02:09","slug":"nuestros-suelos","status":"publish","type":"page","link":"https:\/\/www.puertasolamendi.com\/fr\/nuestros-suelos\/","title":{"rendered":"Les Sols"},"content":{"rendered":"<p>Trouvez le sol id\u00e9al pour l\u2019int\u00e9rieur de votre maison de mani\u00e8re efficace parmi toutes les options que nous mettons \u00e0 votre disposition en sols lamin\u00e9s, sols en vinyle ou parquets en bois naturel. Tous nos produits ont une garantie de durabilit\u00e9 exceptionnelle qui vous permettra d\u2019avoir pendant des ann\u00e9es la m\u00eame sensation du premier jour. <\/p>","protected":false},"excerpt":{"rendered":"<p>Trouvez le sol id\u00e9al pour l\u2019int\u00e9rieur de votre maison de mani\u00e8re efficace parmi toutes les options que nous [&hellip;]<\/p>\n","protected":false},"author":6,"featured_media":0,"parent":0,"menu_order":0,"comment_status":"closed","ping_status":"closed","template":"","meta":[],"acf":[],"_links":{"self":[{"href":"https:\/\/www.puertasolamendi.com\/fr\/wp-json\/wp\/v2\/pages\/2260"}],"collection":[{"href":"https:\/\/www.puertasolamendi.com\/fr\/wp-json\/wp\/v2\/pages"}],"about":[{"href":"https:\/\/www.puertasolamendi.com\/fr\/wp-json\/wp\/v2\/types\/page"}],"author":[{"embeddable":true,"href":"https:\/\/www.puertasolamendi.com\/fr\/wp-json\/wp\/v2\/users\/6"}],"replies":[{"embeddable":true,"href":"https:\/\/www.puertasolamendi.com\/fr\/wp-json\/wp\/v2\/comments?post=2260"}],"version-history":[{"count":0,"href":"https:\/\/www.puertasolamendi.com\/fr\/wp-json\/wp\/v2\/pages\/2260\/revisions"}],"wp:attachment":[{"href":"https:\/\/www.puertasolamendi.com\/fr\/wp-json\/wp\/v2\/media?parent=2260"}],"curies":[{"name":"wp","href":"https:\/\/api.w.org\/{rel}","templated":true}]}}