{"id":2750,"date":"2021-04-25T10:26:58","date_gmt":"2021-04-25T10:26:58","guid":{"rendered":"https:\/\/www.puertasolamendi.com\/?page_id=2750"},"modified":"2022-03-04T14:45:10","modified_gmt":"2022-03-04T14:45:10","slug":"mod-100e","status":"publish","type":"page","link":"https:\/\/www.puertasolamendi.com\/fr\/puertas-de-interior\/mod-100e\/","title":{"rendered":"Mod. 100R"},"content":{"rendered":"<p><\/p>\n<ul>\n<li>Porte laqu\u00e9e en blanc avec 3 couches. 390 gr\/m2. Avec traitement anti-jaunissement.<\/li>\n<li>Encadrement contre-plaqu\u00e9 massif avec joint en caoutchouc.<\/li>\n<li>Porte battante: pleine et vitr\u00e9e avec vitrage stadyp de s\u00e9curit\u00e9 et sans vitrail.<\/li>\n<li>D\u00e9lai de livraison pour dimensions standard 21 jours.<\/li>\n<li>Disponible en 100E, 100V, 100L et 100M<\/li>\n<\/ul>\n<p><\/p>","protected":false},"excerpt":{"rendered":"<p>Porte laqu\u00e9e en blanc avec 3 couches. 390 gr\/m2. Avec traitement anti-jaunissement. Encadrement contre-plaqu\u00e9 massif avec joint en [&hellip;]<\/p>\n","protected":false},"author":6,"featured_media":3759,"parent":312,"menu_order":0,"comment_status":"closed","ping_status":"closed","template":"","meta":[],"acf":[],"_links":{"self":[{"href":"https:\/\/www.puertasolamendi.com\/fr\/wp-json\/wp\/v2\/pages\/2750"}],"collection":[{"href":"https:\/\/www.puertasolamendi.com\/fr\/wp-json\/wp\/v2\/pages"}],"about":[{"href":"https:\/\/www.puertasolamendi.com\/fr\/wp-json\/wp\/v2\/types\/page"}],"author":[{"embeddable":true,"href":"https:\/\/www.puertasolamendi.com\/fr\/wp-json\/wp\/v2\/users\/6"}],"replies":[{"embeddable":true,"href":"https:\/\/www.puertasolamendi.com\/fr\/wp-json\/wp\/v2\/comments?post=2750"}],"version-history":[{"count":0,"href":"https:\/\/www.puertasolamendi.com\/fr\/wp-json\/wp\/v2\/pages\/2750\/revisions"}],"up":[{"embeddable":true,"href":"https:\/\/www.puertasolamendi.com\/fr\/wp-json\/wp\/v2\/pages\/312"}],"wp:featuredmedia":[{"embeddable":true,"href":"https:\/\/www.puertasolamendi.com\/fr\/wp-json\/wp\/v2\/media\/3759"}],"wp:attachment":[{"href":"https:\/\/www.puertasolamendi.com\/fr\/wp-json\/wp\/v2\/media?parent=2750"}],"curies":[{"name":"wp","href":"https:\/\/api.w.org\/{rel}","templated":true}]}}