{"id":2757,"date":"2021-04-25T11:29:24","date_gmt":"2021-04-25T11:29:24","guid":{"rendered":"https:\/\/www.puertasolamendi.com\/?page_id=2757"},"modified":"2022-02-07T16:11:33","modified_gmt":"2022-02-07T16:11:33","slug":"mod-200l","status":"publish","type":"page","link":"https:\/\/www.puertasolamendi.com\/fr\/puertas-de-interior\/mod-200l\/","title":{"rendered":"Mod. 200L"},"content":{"rendered":"<p><\/p>\n<ul>\n<li>Porte laqu\u00e9e en blanc avec 3 couches. 390 gr\/m2. Avec traitement anti-jaunissement.<\/li>\n<li>Encadrement contre-plaqu\u00e9 massif avec joint en caoutchouc.<\/li>\n<li>Porte battante: pleine et vitr\u00e9e avec vitrage stadyp de s\u00e9curit\u00e9 et sans vitrail.<\/li>\n<li>D\u00e9lai de livraison pour dimensions standard 21 jours.<\/li>\n<li>Disponible en 200R (d\u00e9lai de livraison 15 jours) et 200M, 200E, 200V (21 jours).<\/li>\n<\/ul>\n<p><\/p>","protected":false},"excerpt":{"rendered":"<p>Porte laqu\u00e9e en blanc avec 3 couches. 390 gr\/m2. Avec traitement anti-jaunissement. Encadrement contre-plaqu\u00e9 massif avec joint en [&hellip;]<\/p>\n","protected":false},"author":6,"featured_media":2759,"parent":312,"menu_order":0,"comment_status":"closed","ping_status":"closed","template":"","meta":[],"acf":[],"_links":{"self":[{"href":"https:\/\/www.puertasolamendi.com\/fr\/wp-json\/wp\/v2\/pages\/2757"}],"collection":[{"href":"https:\/\/www.puertasolamendi.com\/fr\/wp-json\/wp\/v2\/pages"}],"about":[{"href":"https:\/\/www.puertasolamendi.com\/fr\/wp-json\/wp\/v2\/types\/page"}],"author":[{"embeddable":true,"href":"https:\/\/www.puertasolamendi.com\/fr\/wp-json\/wp\/v2\/users\/6"}],"replies":[{"embeddable":true,"href":"https:\/\/www.puertasolamendi.com\/fr\/wp-json\/wp\/v2\/comments?post=2757"}],"version-history":[{"count":0,"href":"https:\/\/www.puertasolamendi.com\/fr\/wp-json\/wp\/v2\/pages\/2757\/revisions"}],"up":[{"embeddable":true,"href":"https:\/\/www.puertasolamendi.com\/fr\/wp-json\/wp\/v2\/pages\/312"}],"wp:featuredmedia":[{"embeddable":true,"href":"https:\/\/www.puertasolamendi.com\/fr\/wp-json\/wp\/v2\/media\/2759"}],"wp:attachment":[{"href":"https:\/\/www.puertasolamendi.com\/fr\/wp-json\/wp\/v2\/media?parent=2757"}],"curies":[{"name":"wp","href":"https:\/\/api.w.org\/{rel}","templated":true}]}}