{"id":2832,"date":"2021-04-29T17:23:01","date_gmt":"2021-04-29T17:23:01","guid":{"rendered":"https:\/\/www.puertasolamendi.com\/?page_id=2832"},"modified":"2022-02-15T08:09:35","modified_gmt":"2022-02-15T08:09:35","slug":"puerta-madera-natural-roble-decape-mod-6000","status":"publish","type":"page","link":"https:\/\/www.puertasolamendi.com\/fr\/puertas-de-interior\/puerta-madera-natural-roble-decape-mod-6000\/","title":{"rendered":"Mod. 6000 Ch\u00eane D\u00e9cap\u00e9"},"content":{"rendered":"<p><\/p>\n<ul>\n<li>Porte en bois de ch\u00eane naturel. D\u00e9capage selon la m\u00e9thode traditionnelle des pores ouverts.<\/li>\n<li>Encadrement contre-plaqu\u00e9 massif avec joint en caoutchouc.<\/li>\n<li>Porte battante: sans vitrail ou avec vitrail avec ou sans verre.<\/li>\n<li>Possibilit\u00e9 de 2 ou 4 inserts en aluminium.<\/li>\n<li>D\u00e9lai de livraison pour dimensions standard 30 jours.<\/li>\n<\/ul>\n<p><\/p>","protected":false},"excerpt":{"rendered":"<p>Porte en bois de ch\u00eane naturel. D\u00e9capage selon la m\u00e9thode traditionnelle des pores ouverts. Encadrement contre-plaqu\u00e9 massif avec [&hellip;]<\/p>\n","protected":false},"author":6,"featured_media":2834,"parent":312,"menu_order":0,"comment_status":"closed","ping_status":"closed","template":"","meta":[],"acf":[],"_links":{"self":[{"href":"https:\/\/www.puertasolamendi.com\/fr\/wp-json\/wp\/v2\/pages\/2832"}],"collection":[{"href":"https:\/\/www.puertasolamendi.com\/fr\/wp-json\/wp\/v2\/pages"}],"about":[{"href":"https:\/\/www.puertasolamendi.com\/fr\/wp-json\/wp\/v2\/types\/page"}],"author":[{"embeddable":true,"href":"https:\/\/www.puertasolamendi.com\/fr\/wp-json\/wp\/v2\/users\/6"}],"replies":[{"embeddable":true,"href":"https:\/\/www.puertasolamendi.com\/fr\/wp-json\/wp\/v2\/comments?post=2832"}],"version-history":[{"count":0,"href":"https:\/\/www.puertasolamendi.com\/fr\/wp-json\/wp\/v2\/pages\/2832\/revisions"}],"up":[{"embeddable":true,"href":"https:\/\/www.puertasolamendi.com\/fr\/wp-json\/wp\/v2\/pages\/312"}],"wp:featuredmedia":[{"embeddable":true,"href":"https:\/\/www.puertasolamendi.com\/fr\/wp-json\/wp\/v2\/media\/2834"}],"wp:attachment":[{"href":"https:\/\/www.puertasolamendi.com\/fr\/wp-json\/wp\/v2\/media?parent=2832"}],"curies":[{"name":"wp","href":"https:\/\/api.w.org\/{rel}","templated":true}]}}