{"id":2860,"date":"2021-05-02T09:25:37","date_gmt":"2021-05-02T09:25:37","guid":{"rendered":"https:\/\/www.puertasolamendi.com\/?page_id=2860"},"modified":"2022-02-24T16:51:47","modified_gmt":"2022-02-24T16:51:47","slug":"corredera-mod-100r","status":"publish","type":"page","link":"https:\/\/www.puertasolamendi.com\/fr\/puertas-correderas\/corredera-mod-100r\/","title":{"rendered":"Mod. 100R"},"content":{"rendered":"<p><\/p>\n<ul>\n<li>Porte laqu\u00e9e en blanc avec 3 couches. 390 gr\/m2. Avec traitement anti-jaunissement.<\/li>\n<li>Porte coulissante: pleine et vitr\u00e9e avec vitrage stadyp de s\u00e9curit\u00e9 et sans vitrail.<\/li>\n<li>Types de porte coulissante: sans vitrail ou avec vitrail stadip de s\u00e9curit\u00e9 avec ou sans verre.<\/li>\n<li>D\u00e9lai de livraison pour dimensions standard 21 jours.<\/li>\n<li>Disponible en 100V, 100E, 100M et 100L.<\/li>\n<\/ul>\n<p><\/p>","protected":false},"excerpt":{"rendered":"<p>Porte laqu\u00e9e en blanc avec 3 couches. 390 gr\/m2. Avec traitement anti-jaunissement. Porte coulissante: pleine et vitr\u00e9e avec [&hellip;]<\/p>\n","protected":false},"author":6,"featured_media":3760,"parent":314,"menu_order":0,"comment_status":"closed","ping_status":"closed","template":"","meta":[],"acf":[],"_links":{"self":[{"href":"https:\/\/www.puertasolamendi.com\/fr\/wp-json\/wp\/v2\/pages\/2860"}],"collection":[{"href":"https:\/\/www.puertasolamendi.com\/fr\/wp-json\/wp\/v2\/pages"}],"about":[{"href":"https:\/\/www.puertasolamendi.com\/fr\/wp-json\/wp\/v2\/types\/page"}],"author":[{"embeddable":true,"href":"https:\/\/www.puertasolamendi.com\/fr\/wp-json\/wp\/v2\/users\/6"}],"replies":[{"embeddable":true,"href":"https:\/\/www.puertasolamendi.com\/fr\/wp-json\/wp\/v2\/comments?post=2860"}],"version-history":[{"count":0,"href":"https:\/\/www.puertasolamendi.com\/fr\/wp-json\/wp\/v2\/pages\/2860\/revisions"}],"up":[{"embeddable":true,"href":"https:\/\/www.puertasolamendi.com\/fr\/wp-json\/wp\/v2\/pages\/314"}],"wp:featuredmedia":[{"embeddable":true,"href":"https:\/\/www.puertasolamendi.com\/fr\/wp-json\/wp\/v2\/media\/3760"}],"wp:attachment":[{"href":"https:\/\/www.puertasolamendi.com\/fr\/wp-json\/wp\/v2\/media?parent=2860"}],"curies":[{"name":"wp","href":"https:\/\/api.w.org\/{rel}","templated":true}]}}