{"id":2941,"date":"2021-05-03T16:32:07","date_gmt":"2021-05-03T16:32:07","guid":{"rendered":"https:\/\/www.puertasolamendi.com\/?page_id=2941"},"modified":"2022-02-15T08:10:15","modified_gmt":"2022-02-15T08:10:15","slug":"corredera-mod-6000-roble-decape","status":"publish","type":"page","link":"https:\/\/www.puertasolamendi.com\/fr\/puertas-correderas\/corredera-mod-6000-roble-decape\/","title":{"rendered":"Mod. 6000 Ch\u00eane D\u00e9cap\u00e9"},"content":{"rendered":"<p><\/p>\n<ul>\n<li>Placage de ch\u00eane naturel. Laqu\u00e9 \u00e0 pores ouverts.<\/li>\n<li>Porte battante: sans vitrail ou avec vitrail avec ou sans verre.<\/li>\n<li>Types de porte coulissante: ext\u00e9rieure et entre murs.<\/li>\n<li>D\u00e9lai de livraison pour dimensions standard 30 jours.<\/li>\n<\/ul>\n<p><\/p>","protected":false},"excerpt":{"rendered":"<p>Placage de ch\u00eane naturel. Laqu\u00e9 \u00e0 pores ouverts. Porte battante: sans vitrail ou avec vitrail avec ou sans [&hellip;]<\/p>\n","protected":false},"author":6,"featured_media":2943,"parent":314,"menu_order":0,"comment_status":"closed","ping_status":"closed","template":"","meta":[],"acf":[],"_links":{"self":[{"href":"https:\/\/www.puertasolamendi.com\/fr\/wp-json\/wp\/v2\/pages\/2941"}],"collection":[{"href":"https:\/\/www.puertasolamendi.com\/fr\/wp-json\/wp\/v2\/pages"}],"about":[{"href":"https:\/\/www.puertasolamendi.com\/fr\/wp-json\/wp\/v2\/types\/page"}],"author":[{"embeddable":true,"href":"https:\/\/www.puertasolamendi.com\/fr\/wp-json\/wp\/v2\/users\/6"}],"replies":[{"embeddable":true,"href":"https:\/\/www.puertasolamendi.com\/fr\/wp-json\/wp\/v2\/comments?post=2941"}],"version-history":[{"count":0,"href":"https:\/\/www.puertasolamendi.com\/fr\/wp-json\/wp\/v2\/pages\/2941\/revisions"}],"up":[{"embeddable":true,"href":"https:\/\/www.puertasolamendi.com\/fr\/wp-json\/wp\/v2\/pages\/314"}],"wp:featuredmedia":[{"embeddable":true,"href":"https:\/\/www.puertasolamendi.com\/fr\/wp-json\/wp\/v2\/media\/2943"}],"wp:attachment":[{"href":"https:\/\/www.puertasolamendi.com\/fr\/wp-json\/wp\/v2\/media?parent=2941"}],"curies":[{"name":"wp","href":"https:\/\/api.w.org\/{rel}","templated":true}]}}