{"id":2953,"date":"2021-05-03T16:46:35","date_gmt":"2021-05-03T16:46:35","guid":{"rendered":"https:\/\/www.puertasolamendi.com\/?page_id=2953"},"modified":"2021-05-03T16:49:12","modified_gmt":"2021-05-03T16:49:12","slug":"corredera-mod-6000-roble-canela","status":"publish","type":"page","link":"https:\/\/www.puertasolamendi.com\/fr\/puertas-correderas\/corredera-mod-6000-roble-canela\/","title":{"rendered":"Mod. 6000 Ch\u00eane Cannelle"},"content":{"rendered":"<p><\/p>\n<ul>\n<li>Porte teint\u00e9e \u00e0 la main sur placage ch\u00eane naturel.<\/li>\n<li>Porte battante: sans vitrail ou avec vitrail avec ou sans verre.<\/li>\n<li>Types de porte coulissante: ext\u00e9rieure et entre murs.<\/li>\n<li>Possibilit\u00e9 de 2 ou 4 inserts en aluminium.<\/li>\n<li>D\u00e9lai de livraison pour dimensions standard 30 jours.<\/li>\n<\/ul>\n<p><\/p>","protected":false},"excerpt":{"rendered":"<p>Porte teint\u00e9e \u00e0 la main sur placage ch\u00eane naturel. Porte battante: sans vitrail ou avec vitrail avec ou [&hellip;]<\/p>\n","protected":false},"author":6,"featured_media":2955,"parent":314,"menu_order":0,"comment_status":"closed","ping_status":"closed","template":"","meta":[],"acf":[],"_links":{"self":[{"href":"https:\/\/www.puertasolamendi.com\/fr\/wp-json\/wp\/v2\/pages\/2953"}],"collection":[{"href":"https:\/\/www.puertasolamendi.com\/fr\/wp-json\/wp\/v2\/pages"}],"about":[{"href":"https:\/\/www.puertasolamendi.com\/fr\/wp-json\/wp\/v2\/types\/page"}],"author":[{"embeddable":true,"href":"https:\/\/www.puertasolamendi.com\/fr\/wp-json\/wp\/v2\/users\/6"}],"replies":[{"embeddable":true,"href":"https:\/\/www.puertasolamendi.com\/fr\/wp-json\/wp\/v2\/comments?post=2953"}],"version-history":[{"count":0,"href":"https:\/\/www.puertasolamendi.com\/fr\/wp-json\/wp\/v2\/pages\/2953\/revisions"}],"up":[{"embeddable":true,"href":"https:\/\/www.puertasolamendi.com\/fr\/wp-json\/wp\/v2\/pages\/314"}],"wp:featuredmedia":[{"embeddable":true,"href":"https:\/\/www.puertasolamendi.com\/fr\/wp-json\/wp\/v2\/media\/2955"}],"wp:attachment":[{"href":"https:\/\/www.puertasolamendi.com\/fr\/wp-json\/wp\/v2\/media?parent=2953"}],"curies":[{"name":"wp","href":"https:\/\/api.w.org\/{rel}","templated":true}]}}