{"id":2959,"date":"2021-05-03T16:55:22","date_gmt":"2021-05-03T16:55:22","guid":{"rendered":"https:\/\/www.puertasolamendi.com\/?page_id=2959"},"modified":"2021-05-03T16:57:13","modified_gmt":"2021-05-03T16:57:13","slug":"corredera-mod-6000-alum-2h-roble-canela","status":"publish","type":"page","link":"https:\/\/www.puertasolamendi.com\/fr\/puertas-correderas\/corredera-mod-6000-alum-2h-roble-canela\/","title":{"rendered":"Mod. 6000 ALUM 2H Ch\u00eane Cannelle"},"content":{"rendered":"<p><\/p>\n<div class=\"texto-intro\">\n<ul>\n<li>Porte teint\u00e9e \u00e0 la main sur placage de ch\u00eane naturel.<\/li>\n<li>Porte battante: sans vitrail ou avec vitrail avec ou sans verre.<\/li>\n<li>Types de porte coulissante : ext\u00e9rieure et entre murs.<\/li>\n<li>D\u00e9lai de livraison pour dimensions standard 30 jours.<\/li>\n<\/ul>\n<\/div>\n<p><\/p>","protected":false},"excerpt":{"rendered":"<p>Porte teint\u00e9e \u00e0 la main sur placage de ch\u00eane naturel. Porte battante: sans vitrail ou avec vitrail avec [&hellip;]<\/p>\n","protected":false},"author":6,"featured_media":2961,"parent":314,"menu_order":0,"comment_status":"closed","ping_status":"closed","template":"","meta":[],"acf":[],"_links":{"self":[{"href":"https:\/\/www.puertasolamendi.com\/fr\/wp-json\/wp\/v2\/pages\/2959"}],"collection":[{"href":"https:\/\/www.puertasolamendi.com\/fr\/wp-json\/wp\/v2\/pages"}],"about":[{"href":"https:\/\/www.puertasolamendi.com\/fr\/wp-json\/wp\/v2\/types\/page"}],"author":[{"embeddable":true,"href":"https:\/\/www.puertasolamendi.com\/fr\/wp-json\/wp\/v2\/users\/6"}],"replies":[{"embeddable":true,"href":"https:\/\/www.puertasolamendi.com\/fr\/wp-json\/wp\/v2\/comments?post=2959"}],"version-history":[{"count":0,"href":"https:\/\/www.puertasolamendi.com\/fr\/wp-json\/wp\/v2\/pages\/2959\/revisions"}],"up":[{"embeddable":true,"href":"https:\/\/www.puertasolamendi.com\/fr\/wp-json\/wp\/v2\/pages\/314"}],"wp:featuredmedia":[{"embeddable":true,"href":"https:\/\/www.puertasolamendi.com\/fr\/wp-json\/wp\/v2\/media\/2961"}],"wp:attachment":[{"href":"https:\/\/www.puertasolamendi.com\/fr\/wp-json\/wp\/v2\/media?parent=2959"}],"curies":[{"name":"wp","href":"https:\/\/api.w.org\/{rel}","templated":true}]}}