{"id":3033,"date":"2021-07-25T09:31:44","date_gmt":"2021-07-25T09:31:44","guid":{"rendered":"https:\/\/www.puertasolamendi.com\/?page_id=3033"},"modified":"2022-02-14T18:44:10","modified_gmt":"2022-02-14T18:44:10","slug":"mod-4003-rem-1","status":"publish","type":"page","link":"https:\/\/www.puertasolamendi.com\/fr\/puertas-de-interior\/mod-4003-rem-1\/","title":{"rendered":"Mod. 4003 REM 1"},"content":{"rendered":"<p><\/p>\n<ul>\n<li>Porte laqu\u00e9e en blanc avec 3 couches. 390 gr\/m2. Avec traitement anti-jaunissement.<\/li>\n<li>Porte coulissante: sans vitrail ou avec vitrail avec ou sans verre.<\/li>\n<li>Ce mod\u00e8le de vitrail peut \u00eatre install\u00e9 avec un kit de finition coulissant 90 et 110.<\/li>\n<li>Verre de s\u00e9curit\u00e9 Stadip 3 + 3.<\/li>\n<li>D\u00e9lai de livraison pour dimensions standard 21 jours.<\/li>\n<\/ul>\n<p><\/p>","protected":false},"excerpt":{"rendered":"<p>Porte laqu\u00e9e en blanc avec 3 couches. 390 gr\/m2. Avec traitement anti-jaunissement. Porte coulissante: sans vitrail ou avec [&hellip;]<\/p>\n","protected":false},"author":6,"featured_media":3035,"parent":312,"menu_order":0,"comment_status":"closed","ping_status":"closed","template":"","meta":[],"acf":[],"_links":{"self":[{"href":"https:\/\/www.puertasolamendi.com\/fr\/wp-json\/wp\/v2\/pages\/3033"}],"collection":[{"href":"https:\/\/www.puertasolamendi.com\/fr\/wp-json\/wp\/v2\/pages"}],"about":[{"href":"https:\/\/www.puertasolamendi.com\/fr\/wp-json\/wp\/v2\/types\/page"}],"author":[{"embeddable":true,"href":"https:\/\/www.puertasolamendi.com\/fr\/wp-json\/wp\/v2\/users\/6"}],"replies":[{"embeddable":true,"href":"https:\/\/www.puertasolamendi.com\/fr\/wp-json\/wp\/v2\/comments?post=3033"}],"version-history":[{"count":0,"href":"https:\/\/www.puertasolamendi.com\/fr\/wp-json\/wp\/v2\/pages\/3033\/revisions"}],"up":[{"embeddable":true,"href":"https:\/\/www.puertasolamendi.com\/fr\/wp-json\/wp\/v2\/pages\/312"}],"wp:featuredmedia":[{"embeddable":true,"href":"https:\/\/www.puertasolamendi.com\/fr\/wp-json\/wp\/v2\/media\/3035"}],"wp:attachment":[{"href":"https:\/\/www.puertasolamendi.com\/fr\/wp-json\/wp\/v2\/media?parent=3033"}],"curies":[{"name":"wp","href":"https:\/\/api.w.org\/{rel}","templated":true}]}}