{"id":312,"date":"2017-03-23T07:46:13","date_gmt":"2017-03-23T07:46:13","guid":{"rendered":"http:\/\/olamendi.creactivate.es\/?page_id=312"},"modified":"2022-03-16T17:11:43","modified_gmt":"2022-03-16T17:11:43","slug":"puertas-de-interior","status":"publish","type":"page","link":"https:\/\/www.puertasolamendi.com\/fr\/puertas-de-interior\/","title":{"rendered":"Portes battantes"},"content":{"rendered":"<p>Un savoir-faire artisan accompagn\u00e9 de mat\u00e9riaux de haute qualit\u00e9 donnant comme r\u00e9sultat une large gamme de portes battantes avec de nombreux styles et finitions qui vous aideront \u00e0 choisir la d\u00e9coration de votre maison.<\/p>","protected":false},"excerpt":{"rendered":"<p>Un savoir-faire artisan accompagn\u00e9 de mat\u00e9riaux de haute qualit\u00e9 donnant comme r\u00e9sultat une large gamme de portes battantes [&hellip;]<\/p>\n","protected":false},"author":6,"featured_media":242,"parent":0,"menu_order":0,"comment_status":"closed","ping_status":"closed","template":"","meta":[],"acf":[],"_links":{"self":[{"href":"https:\/\/www.puertasolamendi.com\/fr\/wp-json\/wp\/v2\/pages\/312"}],"collection":[{"href":"https:\/\/www.puertasolamendi.com\/fr\/wp-json\/wp\/v2\/pages"}],"about":[{"href":"https:\/\/www.puertasolamendi.com\/fr\/wp-json\/wp\/v2\/types\/page"}],"author":[{"embeddable":true,"href":"https:\/\/www.puertasolamendi.com\/fr\/wp-json\/wp\/v2\/users\/6"}],"replies":[{"embeddable":true,"href":"https:\/\/www.puertasolamendi.com\/fr\/wp-json\/wp\/v2\/comments?post=312"}],"version-history":[{"count":2,"href":"https:\/\/www.puertasolamendi.com\/fr\/wp-json\/wp\/v2\/pages\/312\/revisions"}],"predecessor-version":[{"id":3775,"href":"https:\/\/www.puertasolamendi.com\/fr\/wp-json\/wp\/v2\/pages\/312\/revisions\/3775"}],"wp:featuredmedia":[{"embeddable":true,"href":"https:\/\/www.puertasolamendi.com\/fr\/wp-json\/wp\/v2\/media\/242"}],"wp:attachment":[{"href":"https:\/\/www.puertasolamendi.com\/fr\/wp-json\/wp\/v2\/media?parent=312"}],"curies":[{"name":"wp","href":"https:\/\/api.w.org\/{rel}","templated":true}]}}