{"id":3315,"date":"2021-11-22T20:40:02","date_gmt":"2021-11-22T20:40:02","guid":{"rendered":"https:\/\/www.puertasolamendi.com\/?page_id=3315"},"modified":"2022-02-14T18:27:12","modified_gmt":"2022-02-14T18:27:12","slug":"corredera-mod-6000-roble-carbon","status":"publish","type":"page","link":"https:\/\/www.puertasolamendi.com\/fr\/puertas-correderas\/corredera-mod-6000-roble-carbon\/","title":{"rendered":"Mod. 6000 Lamin\u00e9e Ch\u00eane Carb\u00f3n"},"content":{"rendered":"<p><\/p>\n<ul>\n<li>Porte lamin\u00e9e. Impr\u00e9gnation sp\u00e9ciale et finition naturelle des pores. Haute r\u00e9sistance aux rayures.<\/li>\n<li>Porte battante: sans vitrail ou avec vitrail avec ou sans verre.<\/li>\n<li>D\u00e9lai de livraison pour dimensions standard 6 semaines.<\/li>\n<\/ul>\n<p><\/p>","protected":false},"excerpt":{"rendered":"<p>Porte lamin\u00e9e. Impr\u00e9gnation sp\u00e9ciale et finition naturelle des pores. Haute r\u00e9sistance aux rayures. Porte battante: sans vitrail ou [&hellip;]<\/p>\n","protected":false},"author":6,"featured_media":3316,"parent":314,"menu_order":0,"comment_status":"closed","ping_status":"closed","template":"","meta":[],"acf":[],"_links":{"self":[{"href":"https:\/\/www.puertasolamendi.com\/fr\/wp-json\/wp\/v2\/pages\/3315"}],"collection":[{"href":"https:\/\/www.puertasolamendi.com\/fr\/wp-json\/wp\/v2\/pages"}],"about":[{"href":"https:\/\/www.puertasolamendi.com\/fr\/wp-json\/wp\/v2\/types\/page"}],"author":[{"embeddable":true,"href":"https:\/\/www.puertasolamendi.com\/fr\/wp-json\/wp\/v2\/users\/6"}],"replies":[{"embeddable":true,"href":"https:\/\/www.puertasolamendi.com\/fr\/wp-json\/wp\/v2\/comments?post=3315"}],"version-history":[{"count":0,"href":"https:\/\/www.puertasolamendi.com\/fr\/wp-json\/wp\/v2\/pages\/3315\/revisions"}],"up":[{"embeddable":true,"href":"https:\/\/www.puertasolamendi.com\/fr\/wp-json\/wp\/v2\/pages\/314"}],"wp:featuredmedia":[{"embeddable":true,"href":"https:\/\/www.puertasolamendi.com\/fr\/wp-json\/wp\/v2\/media\/3316"}],"wp:attachment":[{"href":"https:\/\/www.puertasolamendi.com\/fr\/wp-json\/wp\/v2\/media?parent=3315"}],"curies":[{"name":"wp","href":"https:\/\/api.w.org\/{rel}","templated":true}]}}