{"id":3414,"date":"2021-11-24T18:31:46","date_gmt":"2021-11-24T18:31:46","guid":{"rendered":"https:\/\/www.puertasolamendi.com\/?page_id=3414"},"modified":"2022-02-14T18:11:58","modified_gmt":"2022-02-14T18:11:58","slug":"mod-6000-roble-coffee","status":"publish","type":"page","link":"https:\/\/www.puertasolamendi.com\/fr\/puertas-de-interior\/mod-6000-roble-coffee\/","title":{"rendered":"Mod. 6000 Lamin\u00e9e Ch\u00eane Coffee"},"content":{"rendered":"<p><\/p>\n<ul>\n<li>Porte lamin\u00e9e. Impr\u00e9gnation sp\u00e9ciale et finition naturelle des pores. Haute r\u00e9sistance aux rayures.<\/li>\n<li>Cl\u00f4ture dm 70 x 26 avec joint en caoutchouc.<\/li>\n<li>Porte battante: sans vitrail ou avec vitrail avec ou sans verre.<\/li>\n<li>D\u00e9lai de livraison pour dimensions standard 6 semaines.<\/li>\n<\/ul>\n<p><\/p>","protected":false},"excerpt":{"rendered":"<p>Porte lamin\u00e9e. Impr\u00e9gnation sp\u00e9ciale et finition naturelle des pores. Haute r\u00e9sistance aux rayures. Cl\u00f4ture dm 70 x 26 [&hellip;]<\/p>\n","protected":false},"author":6,"featured_media":3415,"parent":312,"menu_order":0,"comment_status":"closed","ping_status":"closed","template":"","meta":[],"acf":[],"_links":{"self":[{"href":"https:\/\/www.puertasolamendi.com\/fr\/wp-json\/wp\/v2\/pages\/3414"}],"collection":[{"href":"https:\/\/www.puertasolamendi.com\/fr\/wp-json\/wp\/v2\/pages"}],"about":[{"href":"https:\/\/www.puertasolamendi.com\/fr\/wp-json\/wp\/v2\/types\/page"}],"author":[{"embeddable":true,"href":"https:\/\/www.puertasolamendi.com\/fr\/wp-json\/wp\/v2\/users\/6"}],"replies":[{"embeddable":true,"href":"https:\/\/www.puertasolamendi.com\/fr\/wp-json\/wp\/v2\/comments?post=3414"}],"version-history":[{"count":0,"href":"https:\/\/www.puertasolamendi.com\/fr\/wp-json\/wp\/v2\/pages\/3414\/revisions"}],"up":[{"embeddable":true,"href":"https:\/\/www.puertasolamendi.com\/fr\/wp-json\/wp\/v2\/pages\/312"}],"wp:featuredmedia":[{"embeddable":true,"href":"https:\/\/www.puertasolamendi.com\/fr\/wp-json\/wp\/v2\/media\/3415"}],"wp:attachment":[{"href":"https:\/\/www.puertasolamendi.com\/fr\/wp-json\/wp\/v2\/media?parent=3414"}],"curies":[{"name":"wp","href":"https:\/\/api.w.org\/{rel}","templated":true}]}}