{"id":38,"date":"2017-01-28T21:07:33","date_gmt":"2017-01-28T21:07:33","guid":{"rendered":"https:\/\/www.puertasolamendi.com\/?page_id=38"},"modified":"2022-02-16T12:00:26","modified_gmt":"2022-02-16T12:00:26","slug":"herrajes","status":"publish","type":"page","link":"https:\/\/www.puertasolamendi.com\/fr\/herrajes\/","title":{"rendered":"Ferrures"},"content":{"rendered":"<p>Diff\u00e9rentes options de ferrages pour compl\u00e9ter l\u2019ensemble de vos portes gr\u00e2ce \u00e0 des solutions modernes et \u00e9l\u00e9gantes fabriqu\u00e9es avec des finitions parfaites dans des mat\u00e9riaux r\u00e9sistants \u00e0 l\u2019usure du temps. <\/p>","protected":false},"excerpt":{"rendered":"<p>Diff\u00e9rentes options de ferrages pour compl\u00e9ter l\u2019ensemble de vos portes gr\u00e2ce \u00e0 des solutions modernes et \u00e9l\u00e9gantes fabriqu\u00e9es [&hellip;]<\/p>\n","protected":false},"author":6,"featured_media":244,"parent":0,"menu_order":0,"comment_status":"closed","ping_status":"closed","template":"","meta":[],"acf":[],"_links":{"self":[{"href":"https:\/\/www.puertasolamendi.com\/fr\/wp-json\/wp\/v2\/pages\/38"}],"collection":[{"href":"https:\/\/www.puertasolamendi.com\/fr\/wp-json\/wp\/v2\/pages"}],"about":[{"href":"https:\/\/www.puertasolamendi.com\/fr\/wp-json\/wp\/v2\/types\/page"}],"author":[{"embeddable":true,"href":"https:\/\/www.puertasolamendi.com\/fr\/wp-json\/wp\/v2\/users\/6"}],"replies":[{"embeddable":true,"href":"https:\/\/www.puertasolamendi.com\/fr\/wp-json\/wp\/v2\/comments?post=38"}],"version-history":[{"count":0,"href":"https:\/\/www.puertasolamendi.com\/fr\/wp-json\/wp\/v2\/pages\/38\/revisions"}],"wp:featuredmedia":[{"embeddable":true,"href":"https:\/\/www.puertasolamendi.com\/fr\/wp-json\/wp\/v2\/media\/244"}],"wp:attachment":[{"href":"https:\/\/www.puertasolamendi.com\/fr\/wp-json\/wp\/v2\/media?parent=38"}],"curies":[{"name":"wp","href":"https:\/\/api.w.org\/{rel}","templated":true}]}}