{"id":9,"date":"2017-01-25T19:24:55","date_gmt":"2017-01-25T19:24:55","guid":{"rendered":"https:\/\/www.puertasolamendi.com\/?page_id=9"},"modified":"2022-02-16T12:02:53","modified_gmt":"2022-02-16T12:02:53","slug":"empresa","status":"publish","type":"page","link":"https:\/\/www.puertasolamendi.com\/fr\/empresa\/","title":{"rendered":"Olamendi"},"content":{"rendered":"<p>Chez Olamendi nous nous distinguons par notre vaste exp\u00e9rience en d\u00e9veloppant des travaux sur mesure pour de nombreux projets de d\u00e9coration d\u2019int\u00e9rieur men\u00e9s par des entreprises de construction, des cabinets d\u2019architecture, des professionnels du monde du design d\u2019int\u00e9rieur ou m\u00eame des clients particuliers. Chaque projet a ses besoins et des caract\u00e9ristiques bien sp\u00e9cifiques et c\u2019est l\u00e0 o\u00f9 Olamendi apporte son savoir-faire en utilisant des mat\u00e9riaux de haute qualit\u00e9 dans un processus de fabrication artisanal \u00e0 grande versatilit\u00e9 o\u00f9 le client pourra choisir parmi une vaste gamme de couleurs, de mod\u00e8les et m\u00eame de mesures et de formats hors du commun. <\/p>","protected":false},"excerpt":{"rendered":"<p>Chez Olamendi nous nous distinguons par notre vaste exp\u00e9rience en d\u00e9veloppant des travaux sur mesure pour de nombreux [&hellip;]<\/p>\n","protected":false},"author":6,"featured_media":0,"parent":0,"menu_order":0,"comment_status":"closed","ping_status":"closed","template":"","meta":[],"acf":[],"_links":{"self":[{"href":"https:\/\/www.puertasolamendi.com\/fr\/wp-json\/wp\/v2\/pages\/9"}],"collection":[{"href":"https:\/\/www.puertasolamendi.com\/fr\/wp-json\/wp\/v2\/pages"}],"about":[{"href":"https:\/\/www.puertasolamendi.com\/fr\/wp-json\/wp\/v2\/types\/page"}],"author":[{"embeddable":true,"href":"https:\/\/www.puertasolamendi.com\/fr\/wp-json\/wp\/v2\/users\/6"}],"replies":[{"embeddable":true,"href":"https:\/\/www.puertasolamendi.com\/fr\/wp-json\/wp\/v2\/comments?post=9"}],"version-history":[{"count":0,"href":"https:\/\/www.puertasolamendi.com\/fr\/wp-json\/wp\/v2\/pages\/9\/revisions"}],"wp:attachment":[{"href":"https:\/\/www.puertasolamendi.com\/fr\/wp-json\/wp\/v2\/media?parent=9"}],"curies":[{"name":"wp","href":"https:\/\/api.w.org\/{rel}","templated":true}]}}